{"id":431,"date":"2025-07-03T13:40:25","date_gmt":"2025-07-03T11:40:25","guid":{"rendered":"https:\/\/www.ruedasaltoabogado.com\/?page_id=431"},"modified":"2025-07-29T10:53:07","modified_gmt":"2025-07-29T08:53:07","slug":"blog","status":"publish","type":"page","link":"https:\/\/www.ruedasaltoabogados.com\/en\/blog\/","title":{"rendered":"Blog"},"content":{"rendered":"<div data-elementor-type=\"wp-page\" data-elementor-id=\"431\" class=\"elementor elementor-431\" data-elementor-post-type=\"page\">\n\t\t\t\t<div class=\"elementor-element elementor-element-8359fee e-flex e-con-boxed e-con e-parent\" data-id=\"8359fee\" data-element_type=\"container\" data-e-type=\"container\" data-settings=\"{&quot;background_background&quot;:&quot;gradient&quot;}\">\n\t\t\t\t\t<div class=\"e-con-inner\">\n\t\t\t\t<div class=\"elementor-element elementor-element-17369a15 elementor-invisible elementor-widget elementor-widget-heading\" data-id=\"17369a15\" data-element_type=\"widget\" data-e-type=\"widget\" data-settings=\"{&quot;_animation&quot;:&quot;fadeInUp&quot;}\" data-widget_type=\"heading.default\">\n\t\t\t\t<div class=\"elementor-widget-container\">\n\t\t\t\t\t<div class=\"elementor-heading-title elementor-size-default\">Legal News and Legal Advice<\/div>\t\t\t\t<\/div>\n\t\t\t\t<\/div>\n\t\t\t\t<div class=\"elementor-element elementor-element-3e7ce579 elementor-invisible elementor-widget elementor-widget-heading\" data-id=\"3e7ce579\" data-element_type=\"widget\" data-e-type=\"widget\" data-settings=\"{&quot;_animation&quot;:&quot;fadeInUp&quot;}\" data-widget_type=\"heading.default\">\n\t\t\t\t<div class=\"elementor-widget-container\">\n\t\t\t\t\t<h1 class=\"elementor-heading-title elementor-size-default\">Our Legal Blog<\/h1>\t\t\t\t<\/div>\n\t\t\t\t<\/div>\n\t\t\t\t<div class=\"elementor-element elementor-element-1a2f5306 elementor-invisible elementor-widget elementor-widget-text-editor\" data-id=\"1a2f5306\" data-element_type=\"widget\" data-e-type=\"widget\" data-settings=\"{&quot;_animation&quot;:&quot;fadeInUp&quot;}\" data-widget_type=\"text-editor.default\">\n\t\t\t\t<div class=\"elementor-widget-container\">\n\t\t\t\t\t\t\t\t\t<p class=\"p1\">Useful information, real-life cases, and legal advice to help you better understand your rights and confidently navigate any legal situation.<\/p>\t\t\t\t\t\t\t\t<\/div>\n\t\t\t\t<\/div>\n\t\t\t\t\t<\/div>\n\t\t\t\t<\/div>\n\t\t<div class=\"elementor-element elementor-element-c7ed31e e-flex e-con-boxed e-con e-parent\" data-id=\"c7ed31e\" data-element_type=\"container\" data-e-type=\"container\" data-settings=\"{&quot;background_background&quot;:&quot;classic&quot;}\">\n\t\t\t\t\t<div class=\"e-con-inner\">\n\t\t\t\t<div class=\"elementor-element elementor-element-526b46f6 elementor-invisible elementor-widget elementor-widget-elementskit-blog-posts\" data-id=\"526b46f6\" data-element_type=\"widget\" data-e-type=\"widget\" data-settings=\"{&quot;_animation&quot;:&quot;fadeInUp&quot;}\" data-widget_type=\"elementskit-blog-posts.default\">\n\t\t\t\t<div class=\"elementor-widget-container\">\n\t\t\t\t\t<div class=\"ekit-wid-con\" >        <div id=\"post-items--526b46f6\" class=\"row post-items\">\n                    <div class=\"col-lg-4 col-md-6\">\n\n                                    <div class=\"elementskit-post-image-card\">\n                        <div class=\"elementskit-entry-header\">\n                                                            <a href=\"https:\/\/www.ruedasaltoabogados.com\/en\/asesoria-juridica-preventiva-por-que-es-importante\/\" class=\"elementskit-entry-thumb\">\n                                    <img decoding=\"async\" src=\"https:\/\/www.ruedasaltoabogados.com\/wp-content\/uploads\/2025\/07\/gavel-on-wooden-table-and-lawyer-or-judge-working-2025-01-09-05-29-20-utc.jpg\" alt=\"Preventive legal advice: why it is important\">\n                                <\/a><!-- .elementskit-entry-thumb END -->\n                                                            \n                            \n\t\t\t\t\t\t\t\t\t\t\t\t\t<\/div><!-- .elementskit-entry-header END -->\n\n\t\t\t\t\t\t<div class=\"elementskit-post-body\">\n\t\t\t\t\t\t\t\n\t\t\t\t\t\t\t\t\t\t\t\t\t\t\t\t\t\t\t\t\t\t\t\t\t\n\t\t\t\t\t\t\t\t\n\t\t\t\t\t\t\t\t\t\t\t\t\t\t\t\t\t\t\t\t\t<h2 class=\"entry-title\">\n\t\t\t\t\t<a href=\"https:\/\/www.ruedasaltoabogados.com\/en\/asesoria-juridica-preventiva-por-que-es-importante\/\">\n\t\t\t\t\t\tPreventive legal advice: why it is important\t\t\t\t\t<\/a>\n\t\t\t\t<\/h2>\n\t\t\t\t\t\t\t\t\t\t\t\t\t\t\t\t\t\t\t\t\t\t\t\t\t\t\t\t\t\t\t\t                                                    <\/div><!-- .elementskit-post-body END -->\n                    <\/div>\n                \n            <\/div>\n                    <div class=\"col-lg-4 col-md-6\">\n\n                                    <div class=\"elementskit-post-image-card\">\n                        <div class=\"elementskit-entry-header\">\n                                                            <a href=\"https:\/\/www.ruedasaltoabogados.com\/en\/la-custodia-compartida-criterios-y-beneficios\/\" class=\"elementskit-entry-thumb\">\n                                    <img decoding=\"async\" src=\"https:\/\/www.ruedasaltoabogados.com\/wp-content\/uploads\/2025\/07\/parents-holding-hands-while-daughter-standing-near-2024-11-09-07-15-36-utc.jpg\" alt=\"Joint custody: criteria and benefits\">\n                                <\/a><!-- .elementskit-entry-thumb END -->\n                                                            \n                            \n\t\t\t\t\t\t\t\t\t\t\t\t\t<\/div><!-- .elementskit-entry-header END -->\n\n\t\t\t\t\t\t<div class=\"elementskit-post-body\">\n\t\t\t\t\t\t\t\n\t\t\t\t\t\t\t\t\t\t\t\t\t\t\t\t\t\t\t\t\t\t\t\t\t\n\t\t\t\t\t\t\t\t\n\t\t\t\t\t\t\t\t\t\t\t\t\t\t\t\t\t\t\t\t\t<h2 class=\"entry-title\">\n\t\t\t\t\t<a href=\"https:\/\/www.ruedasaltoabogados.com\/en\/la-custodia-compartida-criterios-y-beneficios\/\">\n\t\t\t\t\t\tJoint custody: criteria and benefits\t\t\t\t\t<\/a>\n\t\t\t\t<\/h2>\n\t\t\t\t\t\t\t\t\t\t\t\t\t\t\t\t\t\t\t\t\t\t\t\t\t\t\t\t\t\t\t\t                                                    <\/div><!-- .elementskit-post-body END -->\n                    <\/div>\n                \n            <\/div>\n                    <div class=\"col-lg-4 col-md-6\">\n\n                                    <div class=\"elementskit-post-image-card\">\n                        <div class=\"elementskit-entry-header\">\n                                                            <a href=\"https:\/\/www.ruedasaltoabogados.com\/en\/reclamacion-de-deudas-procedimientos-eficaces\/\" class=\"elementskit-entry-thumb\">\n                                    <img decoding=\"async\" src=\"https:\/\/www.ruedasaltoabogados.com\/wp-content\/uploads\/2025\/07\/money-and-calculator-2025-02-10-01-31-34-utc.jpg\" alt=\"Debt collection: effective procedures\">\n                                <\/a><!-- .elementskit-entry-thumb END -->\n                                                            \n                            \n\t\t\t\t\t\t\t\t\t\t\t\t\t<\/div><!-- .elementskit-entry-header END -->\n\n\t\t\t\t\t\t<div class=\"elementskit-post-body\">\n\t\t\t\t\t\t\t\n\t\t\t\t\t\t\t\t\t\t\t\t\t\t\t\t\t\t\t\t\t\t\t\t\t\n\t\t\t\t\t\t\t\t\n\t\t\t\t\t\t\t\t\t\t\t\t\t\t\t\t\t\t\t\t\t<h2 class=\"entry-title\">\n\t\t\t\t\t<a href=\"https:\/\/www.ruedasaltoabogados.com\/en\/reclamacion-de-deudas-procedimientos-eficaces\/\">\n\t\t\t\t\t\tDebt collection: effective procedures\t\t\t\t\t<\/a>\n\t\t\t\t<\/h2>\n\t\t\t\t\t\t\t\t\t\t\t\t\t\t\t\t\t\t\t\t\t\t\t\t\t\t\t\t\t\t\t\t                                                    <\/div><!-- .elementskit-post-body END -->\n                    <\/div>\n                \n            <\/div>\n                    <div class=\"col-lg-4 col-md-6\">\n\n                                    <div class=\"elementskit-post-image-card\">\n                        <div class=\"elementskit-entry-header\">\n                                                            <a href=\"https:\/\/www.ruedasaltoabogados.com\/en\/la-importancia-de-hacer-testamento\/\" class=\"elementskit-entry-thumb\">\n                                    <img decoding=\"async\" src=\"https:\/\/www.ruedasaltoabogados.com\/wp-content\/uploads\/2025\/07\/closeup-of-signing-a-documentation-agreement-and-p-2025-01-09-01-40-56-utc.jpg\" alt=\"The importance of making a will\">\n                                <\/a><!-- .elementskit-entry-thumb END -->\n                                                            \n                            \n\t\t\t\t\t\t\t\t\t\t\t\t\t<\/div><!-- .elementskit-entry-header END -->\n\n\t\t\t\t\t\t<div class=\"elementskit-post-body\">\n\t\t\t\t\t\t\t\n\t\t\t\t\t\t\t\t\t\t\t\t\t\t\t\t\t\t\t\t\t\t\t\t\t\n\t\t\t\t\t\t\t\t\n\t\t\t\t\t\t\t\t\t\t\t\t\t\t\t\t\t\t\t\t\t<h2 class=\"entry-title\">\n\t\t\t\t\t<a href=\"https:\/\/www.ruedasaltoabogados.com\/en\/la-importancia-de-hacer-testamento\/\">\n\t\t\t\t\t\tThe importance of making a will\t\t\t\t\t<\/a>\n\t\t\t\t<\/h2>\n\t\t\t\t\t\t\t\t\t\t\t\t\t\t\t\t\t\t\t\t\t\t\t\t\t\t\t\t\t\t\t\t                                                    <\/div><!-- .elementskit-post-body END -->\n                    <\/div>\n                \n            <\/div>\n                    <div class=\"col-lg-4 col-md-6\">\n\n                                    <div class=\"elementskit-post-image-card\">\n                        <div class=\"elementskit-entry-header\">\n                                                            <a href=\"https:\/\/www.ruedasaltoabogados.com\/en\/despido-improcedente-que-puedes-reclamar\/\" class=\"elementskit-entry-thumb\">\n                                    <img decoding=\"async\" src=\"https:\/\/www.ruedasaltoabogados.com\/wp-content\/uploads\/2025\/07\/portrait-of-woman-holding-box-of-personal-belongin-2025-05-07-15-55-42-utc.jpg\" alt=\"Unfair dismissal: what can you claim?\">\n                                <\/a><!-- .elementskit-entry-thumb END -->\n                                                            \n                            \n\t\t\t\t\t\t\t\t\t\t\t\t\t<\/div><!-- .elementskit-entry-header END -->\n\n\t\t\t\t\t\t<div class=\"elementskit-post-body\">\n\t\t\t\t\t\t\t\n\t\t\t\t\t\t\t\t\t\t\t\t\t\t\t\t\t\t\t\t\t\t\t\t\t\n\t\t\t\t\t\t\t\t\n\t\t\t\t\t\t\t\t\t\t\t\t\t\t\t\t\t\t\t\t\t<h2 class=\"entry-title\">\n\t\t\t\t\t<a href=\"https:\/\/www.ruedasaltoabogados.com\/en\/despido-improcedente-que-puedes-reclamar\/\">\n\t\t\t\t\t\tUnfair dismissal: what can you claim?\t\t\t\t\t<\/a>\n\t\t\t\t<\/h2>\n\t\t\t\t\t\t\t\t\t\t\t\t\t\t\t\t\t\t\t\t\t\t\t\t\t\t\t\t\t\t\t\t                                                    <\/div><!-- .elementskit-post-body END -->\n                    <\/div>\n                \n            <\/div>\n                    <div class=\"col-lg-4 col-md-6\">\n\n                                    <div class=\"elementskit-post-image-card\">\n                        <div class=\"elementskit-entry-header\">\n                                                            <a href=\"https:\/\/www.ruedasaltoabogados.com\/en\/divorcio-de-mutuo-acuerdo-ventajas-y-pasos\/\" class=\"elementskit-entry-thumb\">\n                                    <img decoding=\"async\" src=\"https:\/\/www.ruedasaltoabogados.com\/wp-content\/uploads\/2025\/07\/wedding-golden-rings-2025-03-09-20-19-54-utc.jpg\" alt=\"Divorce by mutual consent: advantages and steps\">\n                                <\/a><!-- .elementskit-entry-thumb END -->\n                                                            \n                            \n\t\t\t\t\t\t\t\t\t\t\t\t\t<\/div><!-- .elementskit-entry-header END -->\n\n\t\t\t\t\t\t<div class=\"elementskit-post-body\">\n\t\t\t\t\t\t\t\n\t\t\t\t\t\t\t\t\t\t\t\t\t\t\t\t\t\t\t\t\t\t\t\t\t\n\t\t\t\t\t\t\t\t\n\t\t\t\t\t\t\t\t\t\t\t\t\t\t\t\t\t\t\t\t\t<h2 class=\"entry-title\">\n\t\t\t\t\t<a href=\"https:\/\/www.ruedasaltoabogados.com\/en\/divorcio-de-mutuo-acuerdo-ventajas-y-pasos\/\">\n\t\t\t\t\t\tDivorce by mutual consent: advantages and steps\t\t\t\t\t<\/a>\n\t\t\t\t<\/h2>\n\t\t\t\t\t\t\t\t\t\t\t\t\t\t\t\t\t\t\t\t\t\t\t\t\t\t\t\t\t\t\t\t                                                    <\/div><!-- .elementskit-post-body END -->\n                    <\/div>\n                \n            <\/div>\n                    <div class=\"col-lg-4 col-md-6\">\n\n                                    <div class=\"elementskit-post-image-card\">\n                        <div class=\"elementskit-entry-header\">\n                                                            <a href=\"https:\/\/www.ruedasaltoabogados.com\/en\/como-elegir-un-buen-abogado-para-tu-caso\/\" class=\"elementskit-entry-thumb\">\n                                    <img decoding=\"async\" src=\"https:\/\/www.ruedasaltoabogados.com\/wp-content\/uploads\/2025\/07\/close-up-businessman-crossing-his-hands-posing-ag-2024-10-20-04-49-27-utc.jpg\" alt=\"How to choose a good lawyer for your case\">\n                                <\/a><!-- .elementskit-entry-thumb END -->\n                                                            \n                            \n\t\t\t\t\t\t\t\t\t\t\t\t\t<\/div><!-- .elementskit-entry-header END -->\n\n\t\t\t\t\t\t<div class=\"elementskit-post-body\">\n\t\t\t\t\t\t\t\n\t\t\t\t\t\t\t\t\t\t\t\t\t\t\t\t\t\t\t\t\t\t\t\t\t\n\t\t\t\t\t\t\t\t\n\t\t\t\t\t\t\t\t\t\t\t\t\t\t\t\t\t\t\t\t\t<h2 class=\"entry-title\">\n\t\t\t\t\t<a href=\"https:\/\/www.ruedasaltoabogados.com\/en\/como-elegir-un-buen-abogado-para-tu-caso\/\">\n\t\t\t\t\t\tHow to choose a good lawyer for your case\t\t\t\t\t<\/a>\n\t\t\t\t<\/h2>\n\t\t\t\t\t\t\t\t\t\t\t\t\t\t\t\t\t\t\t\t\t\t\t\t\t\t\t\t\t\t\t\t                                                    <\/div><!-- .elementskit-post-body END -->\n                    <\/div>\n                \n            <\/div>\n                <\/div>\n       <\/div>\t\t\t\t<\/div>\n\t\t\t\t<\/div>\n\t\t\t\t\t<\/div>\n\t\t\t\t<\/div>\n\t\t\t\t<\/div>","protected":false},"excerpt":{"rendered":"<p>Actualidad Legal y Consejos Jur\u00eddicos Nuestro Blog Jur\u00eddico Informaci\u00f3n \u00fatil, casos reales y recomendaciones legales para ayudarte a comprender mejor tus derechos y afrontar con seguridad cualquier situaci\u00f3n legal. Asesor\u00eda jur\u00eddica preventiva: por qu\u00e9 es importante La custodia compartida: criterios y beneficios Reclamaci\u00f3n de deudas: procedimientos eficaces La importancia de hacer testamento Despido improcedente: \u00bfqu\u00e9 [&hellip;]<\/p>\n","protected":false},"author":1,"featured_media":0,"parent":0,"menu_order":4,"comment_status":"closed","ping_status":"closed","template":"","meta":{"footnotes":""},"class_list":["post-431","page","type-page","status-publish","hentry"],"yoast_head":"<!-- This site is optimized with the Yoast SEO plugin v27.4 - https:\/\/yoast.com\/product\/yoast-seo-wordpress\/ -->\n<title>Blog - Rueda Salto Abogados<\/title>\n<meta name=\"description\" content=\"Art\u00edculos y consejos legales para ayudarte a entender tus derechos. Mantente informado sobre temas clave del mundo jur\u00eddico.\" \/>\n<meta name=\"robots\" content=\"index, follow, max-snippet:-1, max-image-preview:large, max-video-preview:-1\" \/>\n<link rel=\"canonical\" href=\"https:\/\/www.ruedasaltoabogado.com\/blog\/\" \/>\n<meta property=\"og:locale\" content=\"en_US\" \/>\n<meta property=\"og:type\" content=\"article\" \/>\n<meta property=\"og:title\" content=\"Blog - Rueda Salto Abogados\" \/>\n<meta property=\"og:description\" content=\"Art\u00edculos y consejos legales para ayudarte a entender tus derechos. Mantente informado sobre temas clave del mundo jur\u00eddico.\" \/>\n<meta property=\"og:url\" content=\"https:\/\/www.ruedasaltoabogado.com\/blog\/\" \/>\n<meta property=\"og:site_name\" content=\"Rueda Salto Abogados\" \/>\n<meta property=\"article:modified_time\" content=\"2025-07-29T08:53:07+00:00\" \/>\n<meta property=\"og:image\" content=\"https:\/\/www.ruedasaltoabogado.com\/wp-content\/uploads\/2025\/07\/gavel-on-wooden-table-and-lawyer-or-judge-working-2025-01-09-05-29-20-utc.jpg\" \/>\n<meta name=\"twitter:card\" content=\"summary_large_image\" \/>\n<script type=\"application\/ld+json\" class=\"yoast-schema-graph\">{\"@context\":\"https:\\\/\\\/schema.org\",\"@graph\":[{\"@type\":\"WebPage\",\"@id\":\"https:\\\/\\\/www.ruedasaltoabogado.com\\\/blog\\\/\",\"url\":\"https:\\\/\\\/www.ruedasaltoabogado.com\\\/blog\\\/\",\"name\":\"Blog - Rueda Salto Abogados\",\"isPartOf\":{\"@id\":\"https:\\\/\\\/www.ruedasaltoabogados.com\\\/#website\"},\"primaryImageOfPage\":{\"@id\":\"https:\\\/\\\/www.ruedasaltoabogado.com\\\/blog\\\/#primaryimage\"},\"image\":{\"@id\":\"https:\\\/\\\/www.ruedasaltoabogado.com\\\/blog\\\/#primaryimage\"},\"thumbnailUrl\":\"https:\\\/\\\/www.ruedasaltoabogados.com\\\/wp-content\\\/uploads\\\/2025\\\/07\\\/gavel-on-wooden-table-and-lawyer-or-judge-working-2025-01-09-05-29-20-utc.jpg\",\"datePublished\":\"2025-07-03T11:40:25+00:00\",\"dateModified\":\"2025-07-29T08:53:07+00:00\",\"description\":\"Art\u00edculos y consejos legales para ayudarte a entender tus derechos. Mantente informado sobre temas clave del mundo jur\u00eddico.\",\"breadcrumb\":{\"@id\":\"https:\\\/\\\/www.ruedasaltoabogado.com\\\/blog\\\/#breadcrumb\"},\"inLanguage\":\"en-US\",\"potentialAction\":[{\"@type\":\"ReadAction\",\"target\":[\"https:\\\/\\\/www.ruedasaltoabogado.com\\\/blog\\\/\"]}]},{\"@type\":\"ImageObject\",\"inLanguage\":\"en-US\",\"@id\":\"https:\\\/\\\/www.ruedasaltoabogado.com\\\/blog\\\/#primaryimage\",\"url\":\"https:\\\/\\\/www.ruedasaltoabogados.com\\\/wp-content\\\/uploads\\\/2025\\\/07\\\/gavel-on-wooden-table-and-lawyer-or-judge-working-2025-01-09-05-29-20-utc.jpg\",\"contentUrl\":\"https:\\\/\\\/www.ruedasaltoabogados.com\\\/wp-content\\\/uploads\\\/2025\\\/07\\\/gavel-on-wooden-table-and-lawyer-or-judge-working-2025-01-09-05-29-20-utc.jpg\"},{\"@type\":\"BreadcrumbList\",\"@id\":\"https:\\\/\\\/www.ruedasaltoabogado.com\\\/blog\\\/#breadcrumb\",\"itemListElement\":[{\"@type\":\"ListItem\",\"position\":1,\"name\":\"Inicio\",\"item\":\"https:\\\/\\\/www.ruedasaltoabogado.com\\\/\"},{\"@type\":\"ListItem\",\"position\":2,\"name\":\"Blog\"}]},{\"@type\":\"WebSite\",\"@id\":\"https:\\\/\\\/www.ruedasaltoabogados.com\\\/#website\",\"url\":\"https:\\\/\\\/www.ruedasaltoabogados.com\\\/\",\"name\":\"Rueda Salto Abogado\",\"description\":\"Servicios jur\u00eddicos\",\"publisher\":{\"@id\":\"https:\\\/\\\/www.ruedasaltoabogados.com\\\/#organization\"},\"potentialAction\":[{\"@type\":\"SearchAction\",\"target\":{\"@type\":\"EntryPoint\",\"urlTemplate\":\"https:\\\/\\\/www.ruedasaltoabogados.com\\\/?s={search_term_string}\"},\"query-input\":{\"@type\":\"PropertyValueSpecification\",\"valueRequired\":true,\"valueName\":\"search_term_string\"}}],\"inLanguage\":\"en-US\"},{\"@type\":\"Organization\",\"@id\":\"https:\\\/\\\/www.ruedasaltoabogados.com\\\/#organization\",\"name\":\"Rueda Salto Abogado\",\"url\":\"https:\\\/\\\/www.ruedasaltoabogados.com\\\/\",\"logo\":{\"@type\":\"ImageObject\",\"inLanguage\":\"en-US\",\"@id\":\"https:\\\/\\\/www.ruedasaltoabogados.com\\\/#\\\/schema\\\/logo\\\/image\\\/\",\"url\":\"https:\\\/\\\/www.ruedasaltoabogados.com\\\/wp-content\\\/uploads\\\/2025\\\/07\\\/logo.png\",\"contentUrl\":\"https:\\\/\\\/www.ruedasaltoabogados.com\\\/wp-content\\\/uploads\\\/2025\\\/07\\\/logo.png\",\"width\":937,\"height\":594,\"caption\":\"Rueda Salto Abogado\"},\"image\":{\"@id\":\"https:\\\/\\\/www.ruedasaltoabogados.com\\\/#\\\/schema\\\/logo\\\/image\\\/\"}}]}<\/script>\n<!-- \/ Yoast SEO plugin. -->","yoast_head_json":{"title":"Blog - Rueda Salto Lawyers","description":"Legal articles and advice to help you understand your rights. Stay informed on key legal issues.","robots":{"index":"index","follow":"follow","max-snippet":"max-snippet:-1","max-image-preview":"max-image-preview:large","max-video-preview":"max-video-preview:-1"},"canonical":"https:\/\/www.ruedasaltoabogado.com\/blog\/","og_locale":"en_US","og_type":"article","og_title":"Blog - Rueda Salto Abogados","og_description":"Art\u00edculos y consejos legales para ayudarte a entender tus derechos. Mantente informado sobre temas clave del mundo jur\u00eddico.","og_url":"https:\/\/www.ruedasaltoabogado.com\/blog\/","og_site_name":"Rueda Salto Abogados","article_modified_time":"2025-07-29T08:53:07+00:00","og_image":[{"url":"https:\/\/www.ruedasaltoabogado.com\/wp-content\/uploads\/2025\/07\/gavel-on-wooden-table-and-lawyer-or-judge-working-2025-01-09-05-29-20-utc.jpg","type":"","width":"","height":""}],"twitter_card":"summary_large_image","schema":{"@context":"https:\/\/schema.org","@graph":[{"@type":"WebPage","@id":"https:\/\/www.ruedasaltoabogado.com\/blog\/","url":"https:\/\/www.ruedasaltoabogado.com\/blog\/","name":"Blog - Rueda Salto Lawyers","isPartOf":{"@id":"https:\/\/www.ruedasaltoabogados.com\/#website"},"primaryImageOfPage":{"@id":"https:\/\/www.ruedasaltoabogado.com\/blog\/#primaryimage"},"image":{"@id":"https:\/\/www.ruedasaltoabogado.com\/blog\/#primaryimage"},"thumbnailUrl":"https:\/\/www.ruedasaltoabogados.com\/wp-content\/uploads\/2025\/07\/gavel-on-wooden-table-and-lawyer-or-judge-working-2025-01-09-05-29-20-utc.jpg","datePublished":"2025-07-03T11:40:25+00:00","dateModified":"2025-07-29T08:53:07+00:00","description":"Legal articles and advice to help you understand your rights. Stay informed on key legal issues.","breadcrumb":{"@id":"https:\/\/www.ruedasaltoabogado.com\/blog\/#breadcrumb"},"inLanguage":"en-US","potentialAction":[{"@type":"ReadAction","target":["https:\/\/www.ruedasaltoabogado.com\/blog\/"]}]},{"@type":"ImageObject","inLanguage":"en-US","@id":"https:\/\/www.ruedasaltoabogado.com\/blog\/#primaryimage","url":"https:\/\/www.ruedasaltoabogados.com\/wp-content\/uploads\/2025\/07\/gavel-on-wooden-table-and-lawyer-or-judge-working-2025-01-09-05-29-20-utc.jpg","contentUrl":"https:\/\/www.ruedasaltoabogados.com\/wp-content\/uploads\/2025\/07\/gavel-on-wooden-table-and-lawyer-or-judge-working-2025-01-09-05-29-20-utc.jpg"},{"@type":"BreadcrumbList","@id":"https:\/\/www.ruedasaltoabogado.com\/blog\/#breadcrumb","itemListElement":[{"@type":"ListItem","position":1,"name":"Inicio","item":"https:\/\/www.ruedasaltoabogado.com\/"},{"@type":"ListItem","position":2,"name":"Blog"}]},{"@type":"WebSite","@id":"https:\/\/www.ruedasaltoabogados.com\/#website","url":"https:\/\/www.ruedasaltoabogados.com\/","name":"Rueda Salto Lawyer","description":"Legal services","publisher":{"@id":"https:\/\/www.ruedasaltoabogados.com\/#organization"},"potentialAction":[{"@type":"SearchAction","target":{"@type":"EntryPoint","urlTemplate":"https:\/\/www.ruedasaltoabogados.com\/?s={search_term_string}"},"query-input":{"@type":"PropertyValueSpecification","valueRequired":true,"valueName":"search_term_string"}}],"inLanguage":"en-US"},{"@type":"Organization","@id":"https:\/\/www.ruedasaltoabogados.com\/#organization","name":"Rueda Salto Lawyer","url":"https:\/\/www.ruedasaltoabogados.com\/","logo":{"@type":"ImageObject","inLanguage":"en-US","@id":"https:\/\/www.ruedasaltoabogados.com\/#\/schema\/logo\/image\/","url":"https:\/\/www.ruedasaltoabogados.com\/wp-content\/uploads\/2025\/07\/logo.png","contentUrl":"https:\/\/www.ruedasaltoabogados.com\/wp-content\/uploads\/2025\/07\/logo.png","width":937,"height":594,"caption":"Rueda Salto Abogado"},"image":{"@id":"https:\/\/www.ruedasaltoabogados.com\/#\/schema\/logo\/image\/"}}]}},"_links":{"self":[{"href":"https:\/\/www.ruedasaltoabogados.com\/en\/wp-json\/wp\/v2\/pages\/431","targetHints":{"allow":["GET"]}}],"collection":[{"href":"https:\/\/www.ruedasaltoabogados.com\/en\/wp-json\/wp\/v2\/pages"}],"about":[{"href":"https:\/\/www.ruedasaltoabogados.com\/en\/wp-json\/wp\/v2\/types\/page"}],"author":[{"embeddable":true,"href":"https:\/\/www.ruedasaltoabogados.com\/en\/wp-json\/wp\/v2\/users\/1"}],"replies":[{"embeddable":true,"href":"https:\/\/www.ruedasaltoabogados.com\/en\/wp-json\/wp\/v2\/comments?post=431"}],"version-history":[{"count":14,"href":"https:\/\/www.ruedasaltoabogados.com\/en\/wp-json\/wp\/v2\/pages\/431\/revisions"}],"predecessor-version":[{"id":875,"href":"https:\/\/www.ruedasaltoabogados.com\/en\/wp-json\/wp\/v2\/pages\/431\/revisions\/875"}],"wp:attachment":[{"href":"https:\/\/www.ruedasaltoabogados.com\/en\/wp-json\/wp\/v2\/media?parent=431"}],"curies":[{"name":"wp","href":"https:\/\/api.w.org\/{rel}","templated":true}]}}