{"id":427,"date":"2025-07-03T13:40:05","date_gmt":"2025-07-03T11:40:05","guid":{"rendered":"https:\/\/www.ruedasaltoabogado.com\/?page_id=427"},"modified":"2025-07-29T10:52:43","modified_gmt":"2025-07-29T08:52:43","slug":"el-despacho","status":"publish","type":"page","link":"https:\/\/www.ruedasaltoabogados.com\/en\/el-despacho\/","title":{"rendered":"The office"},"content":{"rendered":"<div data-elementor-type=\"wp-page\" data-elementor-id=\"427\" class=\"elementor elementor-427\" data-elementor-post-type=\"page\">\n\t\t\t\t<div class=\"elementor-element elementor-element-53f4d86d e-flex e-con-boxed e-con e-parent\" data-id=\"53f4d86d\" data-element_type=\"container\" data-e-type=\"container\" data-settings=\"{&quot;background_background&quot;:&quot;classic&quot;}\">\n\t\t\t\t\t<div class=\"e-con-inner\">\n\t\t\t\t<div class=\"elementor-element elementor-element-56ffb0eb elementor-invisible elementor-widget elementor-widget-heading\" data-id=\"56ffb0eb\" data-element_type=\"widget\" data-e-type=\"widget\" data-settings=\"{&quot;_animation&quot;:&quot;fadeInUp&quot;}\" data-widget_type=\"heading.default\">\n\t\t\t\t<div class=\"elementor-widget-container\">\n\t\t\t\t\t<div class=\"elementor-heading-title elementor-size-default\">Who we are<\/div>\t\t\t\t<\/div>\n\t\t\t\t<\/div>\n\t\t\t\t<div class=\"elementor-element elementor-element-22a30b80 elementor-invisible elementor-widget elementor-widget-heading\" data-id=\"22a30b80\" data-element_type=\"widget\" data-e-type=\"widget\" data-settings=\"{&quot;_animation&quot;:&quot;fadeInUp&quot;}\" data-widget_type=\"heading.default\">\n\t\t\t\t<div class=\"elementor-widget-container\">\n\t\t\t\t\t<h1 class=\"elementor-heading-title elementor-size-default\">An office with a vocation for service and justice<\/h1>\t\t\t\t<\/div>\n\t\t\t\t<\/div>\n\t\t\t\t<div class=\"elementor-element elementor-element-586464d4 elementor-invisible elementor-widget elementor-widget-text-editor\" data-id=\"586464d4\" data-element_type=\"widget\" data-e-type=\"widget\" data-settings=\"{&quot;_animation&quot;:&quot;fadeInUp&quot;}\" data-widget_type=\"text-editor.default\">\n\t\t\t\t<div class=\"elementor-widget-container\">\n\t\t\t\t\t\t\t\t\t<p class=\"p1\">Based in Albacete, we offer committed, rigorous, and people-centered legal defense. Our track record is based on trust, closeness, and results.<\/p>\t\t\t\t\t\t\t\t<\/div>\n\t\t\t\t<\/div>\n\t\t\t\t\t<\/div>\n\t\t\t\t<\/div>\n\t\t<div class=\"elementor-element elementor-element-283942d3 e-flex e-con-boxed e-con e-parent\" data-id=\"283942d3\" data-element_type=\"container\" data-e-type=\"container\">\n\t\t\t\t\t<div class=\"e-con-inner\">\n\t\t<div class=\"elementor-element elementor-element-22b2424b e-con-full e-flex e-con e-child\" data-id=\"22b2424b\" data-element_type=\"container\" data-e-type=\"container\">\n\t\t\t\t<div class=\"elementor-element elementor-element-57febb9d elementor-invisible elementor-widget elementor-widget-heading\" data-id=\"57febb9d\" data-element_type=\"widget\" data-e-type=\"widget\" data-settings=\"{&quot;_animation&quot;:&quot;fadeInUp&quot;}\" data-widget_type=\"heading.default\">\n\t\t\t\t<div class=\"elementor-widget-container\">\n\t\t\t\t\t<div class=\"elementor-heading-title elementor-size-default\">Our experience, your peace of mind<\/div>\t\t\t\t<\/div>\n\t\t\t\t<\/div>\n\t\t\t\t<div class=\"elementor-element elementor-element-3e8b9086 elementor-invisible elementor-widget elementor-widget-heading\" data-id=\"3e8b9086\" data-element_type=\"widget\" data-e-type=\"widget\" data-settings=\"{&quot;_animation&quot;:&quot;fadeInUp&quot;}\" data-widget_type=\"heading.default\">\n\t\t\t\t<div class=\"elementor-widget-container\">\n\t\t\t\t\t<h2 class=\"elementor-heading-title elementor-size-default\">Over thirty years resolving legal matters effectively<\/h2>\t\t\t\t<\/div>\n\t\t\t\t<\/div>\n\t\t\t\t<div class=\"elementor-element elementor-element-489c8b96 elementor-invisible elementor-widget elementor-widget-text-editor\" data-id=\"489c8b96\" data-element_type=\"widget\" data-e-type=\"widget\" data-settings=\"{&quot;_animation&quot;:&quot;fadeInUp&quot;}\" data-widget_type=\"text-editor.default\">\n\t\t\t\t<div class=\"elementor-widget-container\">\n\t\t\t\t\t\t\t\t\t<p class=\"p1\">Since 1993, we have been offering accessible, high-quality legal advice. Each case is handled individually, always seeking the best possible solution.<\/p><p class=\"p1\">The combination of experience, ongoing training, and close contact allows us to build trust and achieve solid results for our clients.<\/p>\t\t\t\t\t\t\t\t<\/div>\n\t\t\t\t<\/div>\n\t\t<div class=\"elementor-element elementor-element-f6372bf e-flex e-con-boxed e-con e-child\" data-id=\"f6372bf\" data-element_type=\"container\" data-e-type=\"container\">\n\t\t\t\t\t<div class=\"e-con-inner\">\n\t\t\t\t<div class=\"elementor-element elementor-element-6b9bfdcc elementor-align-justify elementor-invisible elementor-widget elementor-widget-button\" data-id=\"6b9bfdcc\" data-element_type=\"widget\" data-e-type=\"widget\" data-settings=\"{&quot;_animation&quot;:&quot;fadeInUp&quot;}\" data-widget_type=\"button.default\">\n\t\t\t\t<div class=\"elementor-widget-container\">\n\t\t\t\t\t\t\t\t\t<div class=\"elementor-button-wrapper\">\n\t\t\t\t\t<a class=\"elementor-button elementor-button-link elementor-size-sm\" href=\"https:\/\/www.ruedasaltoabogados.com\/en\/servicios\/\">\n\t\t\t\t\t\t<span class=\"elementor-button-content-wrapper\">\n\t\t\t\t\t\t<span class=\"elementor-button-icon\">\n\t\t\t\t<i aria-hidden=\"true\" class=\"fas fa-arrow-right\"><\/i>\t\t\t<\/span>\n\t\t\t\t\t\t\t\t\t<span class=\"elementor-button-text\">Services<\/span>\n\t\t\t\t\t<\/span>\n\t\t\t\t\t<\/a>\n\t\t\t\t<\/div>\n\t\t\t\t\t\t\t\t<\/div>\n\t\t\t\t<\/div>\n\t\t\t\t\t<\/div>\n\t\t\t\t<\/div>\n\t\t\t\t<\/div>\n\t\t<div class=\"elementor-element elementor-element-43dfe147 e-con-full e-flex e-con e-child\" data-id=\"43dfe147\" data-element_type=\"container\" data-e-type=\"container\">\n\t\t\t\t<div class=\"elementor-element elementor-element-2417428e elementor-invisible elementor-widget elementor-widget-image\" data-id=\"2417428e\" data-element_type=\"widget\" data-e-type=\"widget\" data-settings=\"{&quot;_animation&quot;:&quot;fadeInUp&quot;}\" data-widget_type=\"image.default\">\n\t\t\t\t<div class=\"elementor-widget-container\">\n\t\t\t\t\t\t\t\t\t\t\t\t\t\t\t<img fetchpriority=\"high\" decoding=\"async\" width=\"1200\" height=\"1200\" src=\"https:\/\/www.ruedasaltoabogados.com\/wp-content\/uploads\/2025\/07\/wooden-judge-hammer-with-alarm-clock-on-black-back-2025-02-25-21-39-12-utc.jpg\" class=\"attachment-full size-full wp-image-664\" alt=\"Gavel and clock\" srcset=\"https:\/\/www.ruedasaltoabogados.com\/wp-content\/uploads\/2025\/07\/wooden-judge-hammer-with-alarm-clock-on-black-back-2025-02-25-21-39-12-utc.jpg 1200w, https:\/\/www.ruedasaltoabogados.com\/wp-content\/uploads\/2025\/07\/wooden-judge-hammer-with-alarm-clock-on-black-back-2025-02-25-21-39-12-utc-300x300.jpg 300w, https:\/\/www.ruedasaltoabogados.com\/wp-content\/uploads\/2025\/07\/wooden-judge-hammer-with-alarm-clock-on-black-back-2025-02-25-21-39-12-utc-1024x1024.jpg 1024w, https:\/\/www.ruedasaltoabogados.com\/wp-content\/uploads\/2025\/07\/wooden-judge-hammer-with-alarm-clock-on-black-back-2025-02-25-21-39-12-utc-150x150.jpg 150w, https:\/\/www.ruedasaltoabogados.com\/wp-content\/uploads\/2025\/07\/wooden-judge-hammer-with-alarm-clock-on-black-back-2025-02-25-21-39-12-utc-768x768.jpg 768w, https:\/\/www.ruedasaltoabogados.com\/wp-content\/uploads\/2025\/07\/wooden-judge-hammer-with-alarm-clock-on-black-back-2025-02-25-21-39-12-utc-12x12.jpg 12w\" sizes=\"(max-width: 1200px) 100vw, 1200px\" \/>\t\t\t\t\t\t\t\t\t\t\t\t\t\t\t<\/div>\n\t\t\t\t<\/div>\n\t\t\t\t<\/div>\n\t\t\t\t\t<\/div>\n\t\t\t\t<\/div>\n\t\t<div class=\"elementor-element elementor-element-12bfca1c e-flex e-con-boxed e-con e-parent\" data-id=\"12bfca1c\" data-element_type=\"container\" data-e-type=\"container\" data-settings=\"{&quot;background_background&quot;:&quot;classic&quot;}\">\n\t\t\t\t\t<div class=\"e-con-inner\">\n\t\t\t\t<div class=\"elementor-element elementor-element-4d909fbd elementor-invisible elementor-widget elementor-widget-heading\" data-id=\"4d909fbd\" data-element_type=\"widget\" data-e-type=\"widget\" data-settings=\"{&quot;_animation&quot;:&quot;fadeInUp&quot;}\" data-widget_type=\"heading.default\">\n\t\t\t\t<div class=\"elementor-widget-container\">\n\t\t\t\t\t<div class=\"elementor-heading-title elementor-size-default\">Our values<\/div>\t\t\t\t<\/div>\n\t\t\t\t<\/div>\n\t\t\t\t<div class=\"elementor-element elementor-element-547a9ce2 elementor-invisible elementor-widget elementor-widget-heading\" data-id=\"547a9ce2\" data-element_type=\"widget\" data-e-type=\"widget\" data-settings=\"{&quot;_animation&quot;:&quot;fadeInUp&quot;}\" data-widget_type=\"heading.default\">\n\t\t\t\t<div class=\"elementor-widget-container\">\n\t\t\t\t\t<h2 class=\"elementor-heading-title elementor-size-default\">Commitment to justice and to our clients<\/h2>\t\t\t\t<\/div>\n\t\t\t\t<\/div>\n\t\t<div class=\"elementor-element elementor-element-452fb9bb e-flex e-con-boxed e-con e-child\" data-id=\"452fb9bb\" data-element_type=\"container\" data-e-type=\"container\">\n\t\t\t\t\t<div class=\"e-con-inner\">\n\t\t<div class=\"elementor-element elementor-element-36e6c62f e-flex e-con-boxed e-con e-child\" data-id=\"36e6c62f\" data-element_type=\"container\" data-e-type=\"container\">\n\t\t\t\t\t<div class=\"e-con-inner\">\n\t\t\t\t<div class=\"elementor-element elementor-element-168a32af elementor-invisible elementor-widget elementor-widget-icon-box\" data-id=\"168a32af\" data-element_type=\"widget\" data-e-type=\"widget\" data-settings=\"{&quot;_animation&quot;:&quot;fadeInUp&quot;}\" data-widget_type=\"icon-box.default\">\n\t\t\t\t<div class=\"elementor-widget-container\">\n\t\t\t\t\t\t\t<div class=\"elementor-icon-box-wrapper\">\n\n\t\t\t\n\t\t\t\t\t\t<div class=\"elementor-icon-box-content\">\n\n\t\t\t\t\t\t\t\t\t<h3 class=\"elementor-icon-box-title\">\n\t\t\t\t\t\t<span  >\n\t\t\t\t\t\t\tCloseness and clarity\t\t\t\t\t\t<\/span>\n\t\t\t\t\t<\/h3>\n\t\t\t\t\n\t\t\t\t\t\t\t\t\t<p class=\"elementor-icon-box-description\">\n\t\t\t\t\t\tWe strive for transparent, direct, and humane communication. We explain every step of the process so you feel supported.\t\t\t\t\t<\/p>\n\t\t\t\t\n\t\t\t<\/div>\n\t\t\t\n\t\t<\/div>\n\t\t\t\t\t\t<\/div>\n\t\t\t\t<\/div>\n\t\t\t\t\t<\/div>\n\t\t\t\t<\/div>\n\t\t<div class=\"elementor-element elementor-element-322badcf e-flex e-con-boxed e-con e-child\" data-id=\"322badcf\" data-element_type=\"container\" data-e-type=\"container\">\n\t\t\t\t\t<div class=\"e-con-inner\">\n\t\t\t\t<div class=\"elementor-element elementor-element-3b9e26c2 elementor-invisible elementor-widget elementor-widget-icon-box\" data-id=\"3b9e26c2\" data-element_type=\"widget\" data-e-type=\"widget\" data-settings=\"{&quot;_animation&quot;:&quot;fadeInUp&quot;,&quot;_animation_delay&quot;:250}\" data-widget_type=\"icon-box.default\">\n\t\t\t\t<div class=\"elementor-widget-container\">\n\t\t\t\t\t\t\t<div class=\"elementor-icon-box-wrapper\">\n\n\t\t\t\n\t\t\t\t\t\t<div class=\"elementor-icon-box-content\">\n\n\t\t\t\t\t\t\t\t\t<h3 class=\"elementor-icon-box-title\">\n\t\t\t\t\t\t<span  >\n\t\t\t\t\t\t\tLegal solidity\t\t\t\t\t\t<\/span>\n\t\t\t\t\t<\/h3>\n\t\t\t\t\n\t\t\t\t\t\t\t\t\t<p class=\"elementor-icon-box-description\">\n\t\t\t\t\t\tOur training and experience allow us to approach each case with technical expertise and knowledge of the field.\t\t\t\t\t<\/p>\n\t\t\t\t\n\t\t\t<\/div>\n\t\t\t\n\t\t<\/div>\n\t\t\t\t\t\t<\/div>\n\t\t\t\t<\/div>\n\t\t\t\t\t<\/div>\n\t\t\t\t<\/div>\n\t\t<div class=\"elementor-element elementor-element-57c7f8ee e-flex e-con-boxed e-con e-child\" data-id=\"57c7f8ee\" data-element_type=\"container\" data-e-type=\"container\">\n\t\t\t\t\t<div class=\"e-con-inner\">\n\t\t\t\t<div class=\"elementor-element elementor-element-3c3d25e7 elementor-invisible elementor-widget elementor-widget-icon-box\" data-id=\"3c3d25e7\" data-element_type=\"widget\" data-e-type=\"widget\" data-settings=\"{&quot;_animation&quot;:&quot;fadeInUp&quot;,&quot;_animation_delay&quot;:500}\" data-widget_type=\"icon-box.default\">\n\t\t\t\t<div class=\"elementor-widget-container\">\n\t\t\t\t\t\t\t<div class=\"elementor-icon-box-wrapper\">\n\n\t\t\t\n\t\t\t\t\t\t<div class=\"elementor-icon-box-content\">\n\n\t\t\t\t\t\t\t\t\t<h3 class=\"elementor-icon-box-title\">\n\t\t\t\t\t\t<span  >\n\t\t\t\t\t\t\tMutual trust\t\t\t\t\t\t<\/span>\n\t\t\t\t\t<\/h3>\n\t\t\t\t\n\t\t\t\t\t\t\t\t\t<p class=\"elementor-icon-box-description\">\n\t\t\t\t\t\tWe build lasting relationships with our clients based on honesty, empathy, and strong results.\t\t\t\t\t<\/p>\n\t\t\t\t\n\t\t\t<\/div>\n\t\t\t\n\t\t<\/div>\n\t\t\t\t\t\t<\/div>\n\t\t\t\t<\/div>\n\t\t\t\t\t<\/div>\n\t\t\t\t<\/div>\n\t\t\t\t\t<\/div>\n\t\t\t\t<\/div>\n\t\t\t\t\t<\/div>\n\t\t\t\t<\/div>\n\t\t\t\t<\/div>","protected":false},"excerpt":{"rendered":"<p>Qui\u00e9nes somos Un despacho con vocaci\u00f3n de servicio y justicia Desde Albacete, ofrecemos una defensa legal comprometida, rigurosa y centrada en las personas. Nuestra trayectoria se basa en la confianza, la cercan\u00eda y los resultados. Nuestra experiencia, tu tranquilidad M\u00e1s de treinta a\u00f1os resolviendo asuntos legales con eficacia Desde 1993, ofrecemos asesoramiento legal accesible y [&hellip;]<\/p>\n","protected":false},"author":1,"featured_media":0,"parent":0,"menu_order":2,"comment_status":"closed","ping_status":"closed","template":"","meta":{"footnotes":""},"class_list":["post-427","page","type-page","status-publish","hentry"],"yoast_head":"<!-- This site is optimized with the Yoast SEO plugin v27.4 - https:\/\/yoast.com\/product\/yoast-seo-wordpress\/ -->\n<title>El despacho - Rueda Salto Abogados<\/title>\n<meta name=\"description\" content=\"M\u00e1s de 15 a\u00f1os de experiencia resolviendo casos con profesionalidad y atenci\u00f3n personalizada en distintas ramas del derecho.\" \/>\n<meta name=\"robots\" content=\"index, follow, max-snippet:-1, max-image-preview:large, max-video-preview:-1\" \/>\n<link rel=\"canonical\" href=\"https:\/\/www.ruedasaltoabogado.com\/el-despacho\/\" \/>\n<meta property=\"og:locale\" content=\"en_US\" \/>\n<meta property=\"og:type\" content=\"article\" \/>\n<meta property=\"og:title\" content=\"El despacho - Rueda Salto Abogados\" \/>\n<meta property=\"og:description\" content=\"M\u00e1s de 15 a\u00f1os de experiencia resolviendo casos con profesionalidad y atenci\u00f3n personalizada en distintas ramas del derecho.\" \/>\n<meta property=\"og:url\" content=\"https:\/\/www.ruedasaltoabogado.com\/el-despacho\/\" \/>\n<meta property=\"og:site_name\" content=\"Rueda Salto Abogados\" \/>\n<meta property=\"article:modified_time\" content=\"2025-07-29T08:52:43+00:00\" \/>\n<meta property=\"og:image\" content=\"https:\/\/www.ruedasaltoabogado.com\/wp-content\/uploads\/2025\/07\/wooden-judge-hammer-with-alarm-clock-on-black-back-2025-02-25-21-39-12-utc.jpg\" \/>\n<meta name=\"twitter:card\" content=\"summary_large_image\" \/>\n<script type=\"application\/ld+json\" class=\"yoast-schema-graph\">{\"@context\":\"https:\\\/\\\/schema.org\",\"@graph\":[{\"@type\":\"WebPage\",\"@id\":\"https:\\\/\\\/www.ruedasaltoabogado.com\\\/el-despacho\\\/\",\"url\":\"https:\\\/\\\/www.ruedasaltoabogado.com\\\/el-despacho\\\/\",\"name\":\"El despacho - Rueda Salto Abogados\",\"isPartOf\":{\"@id\":\"https:\\\/\\\/www.ruedasaltoabogados.com\\\/#website\"},\"primaryImageOfPage\":{\"@id\":\"https:\\\/\\\/www.ruedasaltoabogado.com\\\/el-despacho\\\/#primaryimage\"},\"image\":{\"@id\":\"https:\\\/\\\/www.ruedasaltoabogado.com\\\/el-despacho\\\/#primaryimage\"},\"thumbnailUrl\":\"https:\\\/\\\/www.ruedasaltoabogados.com\\\/wp-content\\\/uploads\\\/2025\\\/07\\\/wooden-judge-hammer-with-alarm-clock-on-black-back-2025-02-25-21-39-12-utc.jpg\",\"datePublished\":\"2025-07-03T11:40:05+00:00\",\"dateModified\":\"2025-07-29T08:52:43+00:00\",\"description\":\"M\u00e1s de 15 a\u00f1os de experiencia resolviendo casos con profesionalidad y atenci\u00f3n personalizada en distintas ramas del derecho.\",\"breadcrumb\":{\"@id\":\"https:\\\/\\\/www.ruedasaltoabogado.com\\\/el-despacho\\\/#breadcrumb\"},\"inLanguage\":\"en-US\",\"potentialAction\":[{\"@type\":\"ReadAction\",\"target\":[\"https:\\\/\\\/www.ruedasaltoabogado.com\\\/el-despacho\\\/\"]}]},{\"@type\":\"ImageObject\",\"inLanguage\":\"en-US\",\"@id\":\"https:\\\/\\\/www.ruedasaltoabogado.com\\\/el-despacho\\\/#primaryimage\",\"url\":\"https:\\\/\\\/www.ruedasaltoabogados.com\\\/wp-content\\\/uploads\\\/2025\\\/07\\\/wooden-judge-hammer-with-alarm-clock-on-black-back-2025-02-25-21-39-12-utc.jpg\",\"contentUrl\":\"https:\\\/\\\/www.ruedasaltoabogados.com\\\/wp-content\\\/uploads\\\/2025\\\/07\\\/wooden-judge-hammer-with-alarm-clock-on-black-back-2025-02-25-21-39-12-utc.jpg\"},{\"@type\":\"BreadcrumbList\",\"@id\":\"https:\\\/\\\/www.ruedasaltoabogado.com\\\/el-despacho\\\/#breadcrumb\",\"itemListElement\":[{\"@type\":\"ListItem\",\"position\":1,\"name\":\"Inicio\",\"item\":\"https:\\\/\\\/www.ruedasaltoabogado.com\\\/\"},{\"@type\":\"ListItem\",\"position\":2,\"name\":\"El despacho\"}]},{\"@type\":\"WebSite\",\"@id\":\"https:\\\/\\\/www.ruedasaltoabogados.com\\\/#website\",\"url\":\"https:\\\/\\\/www.ruedasaltoabogados.com\\\/\",\"name\":\"Rueda Salto Abogado\",\"description\":\"Servicios jur\u00eddicos\",\"publisher\":{\"@id\":\"https:\\\/\\\/www.ruedasaltoabogados.com\\\/#organization\"},\"potentialAction\":[{\"@type\":\"SearchAction\",\"target\":{\"@type\":\"EntryPoint\",\"urlTemplate\":\"https:\\\/\\\/www.ruedasaltoabogados.com\\\/?s={search_term_string}\"},\"query-input\":{\"@type\":\"PropertyValueSpecification\",\"valueRequired\":true,\"valueName\":\"search_term_string\"}}],\"inLanguage\":\"en-US\"},{\"@type\":\"Organization\",\"@id\":\"https:\\\/\\\/www.ruedasaltoabogados.com\\\/#organization\",\"name\":\"Rueda Salto Abogado\",\"url\":\"https:\\\/\\\/www.ruedasaltoabogados.com\\\/\",\"logo\":{\"@type\":\"ImageObject\",\"inLanguage\":\"en-US\",\"@id\":\"https:\\\/\\\/www.ruedasaltoabogados.com\\\/#\\\/schema\\\/logo\\\/image\\\/\",\"url\":\"https:\\\/\\\/www.ruedasaltoabogados.com\\\/wp-content\\\/uploads\\\/2025\\\/07\\\/logo.png\",\"contentUrl\":\"https:\\\/\\\/www.ruedasaltoabogados.com\\\/wp-content\\\/uploads\\\/2025\\\/07\\\/logo.png\",\"width\":937,\"height\":594,\"caption\":\"Rueda Salto Abogado\"},\"image\":{\"@id\":\"https:\\\/\\\/www.ruedasaltoabogados.com\\\/#\\\/schema\\\/logo\\\/image\\\/\"}}]}<\/script>\n<!-- \/ Yoast SEO plugin. -->","yoast_head_json":{"title":"The office - Rueda Salto Lawyers","description":"Over 15 years of experience resolving cases with professionalism and personalized attention in various branches of law.","robots":{"index":"index","follow":"follow","max-snippet":"max-snippet:-1","max-image-preview":"max-image-preview:large","max-video-preview":"max-video-preview:-1"},"canonical":"https:\/\/www.ruedasaltoabogado.com\/el-despacho\/","og_locale":"en_US","og_type":"article","og_title":"El despacho - Rueda Salto Abogados","og_description":"M\u00e1s de 15 a\u00f1os de experiencia resolviendo casos con profesionalidad y atenci\u00f3n personalizada en distintas ramas del derecho.","og_url":"https:\/\/www.ruedasaltoabogado.com\/el-despacho\/","og_site_name":"Rueda Salto Abogados","article_modified_time":"2025-07-29T08:52:43+00:00","og_image":[{"url":"https:\/\/www.ruedasaltoabogado.com\/wp-content\/uploads\/2025\/07\/wooden-judge-hammer-with-alarm-clock-on-black-back-2025-02-25-21-39-12-utc.jpg","type":"","width":"","height":""}],"twitter_card":"summary_large_image","schema":{"@context":"https:\/\/schema.org","@graph":[{"@type":"WebPage","@id":"https:\/\/www.ruedasaltoabogado.com\/el-despacho\/","url":"https:\/\/www.ruedasaltoabogado.com\/el-despacho\/","name":"The office - Rueda Salto Lawyers","isPartOf":{"@id":"https:\/\/www.ruedasaltoabogados.com\/#website"},"primaryImageOfPage":{"@id":"https:\/\/www.ruedasaltoabogado.com\/el-despacho\/#primaryimage"},"image":{"@id":"https:\/\/www.ruedasaltoabogado.com\/el-despacho\/#primaryimage"},"thumbnailUrl":"https:\/\/www.ruedasaltoabogados.com\/wp-content\/uploads\/2025\/07\/wooden-judge-hammer-with-alarm-clock-on-black-back-2025-02-25-21-39-12-utc.jpg","datePublished":"2025-07-03T11:40:05+00:00","dateModified":"2025-07-29T08:52:43+00:00","description":"Over 15 years of experience resolving cases with professionalism and personalized attention in various branches of law.","breadcrumb":{"@id":"https:\/\/www.ruedasaltoabogado.com\/el-despacho\/#breadcrumb"},"inLanguage":"en-US","potentialAction":[{"@type":"ReadAction","target":["https:\/\/www.ruedasaltoabogado.com\/el-despacho\/"]}]},{"@type":"ImageObject","inLanguage":"en-US","@id":"https:\/\/www.ruedasaltoabogado.com\/el-despacho\/#primaryimage","url":"https:\/\/www.ruedasaltoabogados.com\/wp-content\/uploads\/2025\/07\/wooden-judge-hammer-with-alarm-clock-on-black-back-2025-02-25-21-39-12-utc.jpg","contentUrl":"https:\/\/www.ruedasaltoabogados.com\/wp-content\/uploads\/2025\/07\/wooden-judge-hammer-with-alarm-clock-on-black-back-2025-02-25-21-39-12-utc.jpg"},{"@type":"BreadcrumbList","@id":"https:\/\/www.ruedasaltoabogado.com\/el-despacho\/#breadcrumb","itemListElement":[{"@type":"ListItem","position":1,"name":"Inicio","item":"https:\/\/www.ruedasaltoabogado.com\/"},{"@type":"ListItem","position":2,"name":"El despacho"}]},{"@type":"WebSite","@id":"https:\/\/www.ruedasaltoabogados.com\/#website","url":"https:\/\/www.ruedasaltoabogados.com\/","name":"Rueda Salto Lawyer","description":"Legal services","publisher":{"@id":"https:\/\/www.ruedasaltoabogados.com\/#organization"},"potentialAction":[{"@type":"SearchAction","target":{"@type":"EntryPoint","urlTemplate":"https:\/\/www.ruedasaltoabogados.com\/?s={search_term_string}"},"query-input":{"@type":"PropertyValueSpecification","valueRequired":true,"valueName":"search_term_string"}}],"inLanguage":"en-US"},{"@type":"Organization","@id":"https:\/\/www.ruedasaltoabogados.com\/#organization","name":"Rueda Salto Lawyer","url":"https:\/\/www.ruedasaltoabogados.com\/","logo":{"@type":"ImageObject","inLanguage":"en-US","@id":"https:\/\/www.ruedasaltoabogados.com\/#\/schema\/logo\/image\/","url":"https:\/\/www.ruedasaltoabogados.com\/wp-content\/uploads\/2025\/07\/logo.png","contentUrl":"https:\/\/www.ruedasaltoabogados.com\/wp-content\/uploads\/2025\/07\/logo.png","width":937,"height":594,"caption":"Rueda Salto Abogado"},"image":{"@id":"https:\/\/www.ruedasaltoabogados.com\/#\/schema\/logo\/image\/"}}]}},"_links":{"self":[{"href":"https:\/\/www.ruedasaltoabogados.com\/en\/wp-json\/wp\/v2\/pages\/427","targetHints":{"allow":["GET"]}}],"collection":[{"href":"https:\/\/www.ruedasaltoabogados.com\/en\/wp-json\/wp\/v2\/pages"}],"about":[{"href":"https:\/\/www.ruedasaltoabogados.com\/en\/wp-json\/wp\/v2\/types\/page"}],"author":[{"embeddable":true,"href":"https:\/\/www.ruedasaltoabogados.com\/en\/wp-json\/wp\/v2\/users\/1"}],"replies":[{"embeddable":true,"href":"https:\/\/www.ruedasaltoabogados.com\/en\/wp-json\/wp\/v2\/comments?post=427"}],"version-history":[{"count":35,"href":"https:\/\/www.ruedasaltoabogados.com\/en\/wp-json\/wp\/v2\/pages\/427\/revisions"}],"predecessor-version":[{"id":873,"href":"https:\/\/www.ruedasaltoabogados.com\/en\/wp-json\/wp\/v2\/pages\/427\/revisions\/873"}],"wp:attachment":[{"href":"https:\/\/www.ruedasaltoabogados.com\/en\/wp-json\/wp\/v2\/media?parent=427"}],"curies":[{"name":"wp","href":"https:\/\/api.w.org\/{rel}","templated":true}]}}